{"id":13,"date":"2022-05-02T11:33:43","date_gmt":"2022-05-02T04:33:43","guid":{"rendered":"http:\/\/japan-dream-jobs.test-steadyy.com\/vn\/?page_id=13"},"modified":"2022-05-09T11:13:13","modified_gmt":"2022-05-09T04:13:13","slug":"chinh-sach-bao-mat","status":"publish","type":"page","link":"https:\/\/japan-dream-jobs.test-steadyy.com\/vn\/privacy_policy","title":{"rendered":"Ch\u00ednh s\u00e1ch b\u1ea3o m\u1eadt"},"content":{"rendered":"<div class=\"pages__inner\">\n<div class=\"pages__title\">\n<p class=\"title-section\">Ch\u00ednh s\u00e1ch b\u1ea3o m\u1eadt<\/p>\n<\/div>\n<div class=\"pages__content\">\n<ul class=\"pages__list\">\n<li class=\"pages__item\">\n<div class=\"pages__text\">\n<p class=\"text-section-medium\">Steadyy Inc. v\u00e0 Japan Dream Jobs. (C\u00f2n \u0111\u01b0\u1ee3c g\u1ecdi chung l\u00e0 \u201cC\u00f4ng ty\u201d, \u201cCh\u00fang t\u00f4i\u201d, \u201cc\u1ee7a ch\u00fang t\u00f4i\u201d v\u00e0 \u201cch\u00fang t\u00f4i\u201d) \u0111\u00e3 thi\u1ebft l\u1eadp Ch\u00ednh s\u00e1ch B\u1ea3o m\u1eadt D\u1eef li\u1ec7u n\u00e0y \u0111\u1ec3 cho th\u1ea5y r\u1eb1ng ch\u00fang t\u00f4i c\u00f4ng nh\u1eadn v\u00e0 coi tr\u1ecdng c\u00e1c quy\u1ec1n ri\u00eang t\u01b0 c\u1ee7a b\u1ea1n.<\/p>\n<\/div>\n<\/li>\n<li class=\"pages__item\">\n<div class=\"pages__subtitle\">\n<p class=\"title-section-sub\">C\u00c1CH CH\u00daNG T\u00d4I S\u1eec D\u1ee4NG TH\u00d4NG TIN C\u00c1 NH N C\u1ee6A B\u1ea0N<\/p>\n<\/div>\n<div class=\"pages__text\">\n<p class=\"text-section-medium\">Ch\u00fang t\u00f4i s\u1eed d\u1ee5ng th\u00f4ng tin c\u00e1 nh\u00e2n c\u1ee7a b\u1ea1n cho c\u00e1c m\u1ee5c \u0111\u00edch sau:<\/p>\n<ul class=\"pages__text__list\">\n<li class=\"pages__text__item\">\n<p class=\"text-section-medium\">\u0110\u1ec3 x\u1eed l\u00fd c\u00e1c y\u00eau c\u1ea7u ng\u1eabu nhi\u00ean;<\/p>\n<\/li>\n<li class=\"pages__text__item\">\n<p class=\"text-section-medium\">\u0110\u1ec3 li\u00ean h\u1ec7 v\u1edbi b\u1ea1n v\u1ec1 vi\u1ec7c \u0111\u1eb7t ch\u1ed7, \u0111i l\u1ea1i v\u00e0 c\u00e1c s\u1eafp x\u1ebfp kh\u00e1c c\u1ee7a b\u1ea1n;<\/p>\n<\/li>\n<li class=\"pages__text__item\">\n<p class=\"text-section-medium\">\u0110\u1ec3 cung c\u1ea5p cho b\u1ea1n th\u00f4ng tin b\u1ea1n y\u00eau c\u1ea7u v\u1ec1 s\u1ea3n ph\u1ea9m c\u1ee7a ch\u00fang t\u00f4i;<\/p>\n<\/li>\n<li class=\"pages__text__item\">\n<p class=\"text-section-medium\">\u0110\u1ec3 g\u1eedi cho b\u1ea1n th\u00f4ng \u0111i\u1ec7p v\u00e0 th\u00f4ng tin ti\u1ebfp th\u1ecb qua email;<\/p>\n<\/li>\n<li class=\"pages__text__item\">\n<p class=\"text-section-medium\">\u0110\u1ec3 \u0111o l\u01b0\u1eddng v\u00e0 theo d\u00f5i chi ti\u1ebft nh\u00e2n kh\u1ea9u h\u1ecdc v\u1ec1 kh\u00e1ch h\u00e0ng c\u1ee7a ch\u00fang t\u00f4i;<\/p>\n<\/li>\n<li class=\"pages__text__item\">\n<p class=\"text-section-medium\">\u0110\u1ec3 t\u1ea1o ra m\u1ee5c ti\u00eau n\u1ed9i dung tr\u00ean trang web c\u1ee7a ch\u00fang t\u00f4i ph\u00f9 h\u1ee3p h\u01a1n v\u1edbi s\u1edf th\u00edch c\u1ee7a b\u1ea1n;<\/p>\n<\/li>\n<li class=\"pages__text__item\">\n<p class=\"text-section-medium\">\u0110\u1ec3 t\u1ea1o ra n\u1ed9i dung th\u00edch h\u1ee3p cho c\u00e1c th\u00f4ng \u0111i\u1ec7p ti\u1ebfp th\u1ecb qua email \u0111\u1ec3 ph\u00f9 h\u1ee3p h\u01a1n v\u1edbi s\u1edf th\u00edch c\u1ee7a b\u1ea1n;<\/p>\n<\/li>\n<li class=\"pages__text__item\">\n<p class=\"text-section-medium\">Th\u1ef1c hi\u1ec7n c\u00e1c ho\u1ea1t \u0111\u1ed9ng ti\u1ebfp th\u1ecb bao g\u1ed3m g\u1eedi email v\u00e0 tin nh\u1eafn SMS, cho c\u00e1c s\u1ea3n ph\u1ea9m v\u00e0 d\u1ecbch v\u1ee5 c\u1ee7a ch\u00fang t\u00f4i ho\u1eb7c c\u00e1c s\u1ea3n ph\u1ea9m v\u00e0 d\u1ecbch v\u1ee5 c\u1ee7a b\u00ean th\u1ee9 ba, \u0111\u1ed3ng th\u1eddi ti\u1ebfn h\u00e0nh nghi\u00ean c\u1ee9u th\u1ecb tr\u01b0\u1eddng v\u00e0 l\u1ecbch s\u1eed v\u00e0 khoa h\u1ecdc kh\u00e1c \u0111\u1ec3 c\u1ea3i thi\u1ec7n c\u00e1c s\u1ea3n ph\u1ea9m, d\u1ecbch v\u1ee5 v\u00e0 ho\u1ea1t \u0111\u1ed9ng ti\u1ebfp th\u1ecb c\u1ee7a ch\u00fang t\u00f4i v\u00e0 t\u1ea1o ra th\u00f4ng tin chi ti\u1ebft v\u1ec1 ng\u01b0\u1eddi ti\u00eau d\u00f9ng, c\u00f3 th\u1ec3 bao g\u1ed3m vi\u1ec7c k\u1ebft h\u1ee3p th\u00f4ng tin c\u00e1 nh\u00e2n t\u1eeb c\u00e1c b\u00ean th\u1ee9 ba ho\u1eb7c c\u00e1c ngu\u1ed3n c\u00f4ng khai;<\/p>\n<\/li>\n<li class=\"pages__text__item\">\n<p class=\"text-section-medium\">\u0110\u1ec3 duy tr\u00ec h\u1ed3 s\u01a1 v\u00e0 tu\u00e2n th\u1ee7 c\u00e1c ngh\u0129a v\u1ee5 ph\u00e1p l\u00fd c\u1ee7a ch\u00fang t\u00f4i;<\/p>\n<\/li>\n<li class=\"pages__text__item\">\n<p class=\"text-section-medium\">\u0110\u1ec3 h\u1ed7 tr\u1ee3 kh\u00e1ch h\u00e0ng; v\u00e0<\/p>\n<\/li>\n<li class=\"pages__text__item\">\n<p class=\"text-section-medium\">\u0110\u1ed1i v\u1edbi t\u1ea5t c\u1ea3 c\u00e1c m\u1ee5c \u0111\u00edch kh\u00e1c c\u1ea7n thi\u1ebft \u0111\u1ec3 ban h\u00e0nh nh\u1eefng \u0111i\u1ec1u tr\u00ean.<\/p>\n<\/li>\n<\/ul>\n<p class=\"text-section-medium\">Ch\u00fang t\u00f4i s\u1ebd cung c\u1ea5p cho b\u1ea1n c\u00e1c l\u1ef1a ch\u1ecdn li\u00ean quan \u0111\u1ebfn vi\u1ec7c s\u1eed d\u1ee5ng v\u00e0 ti\u1ebft l\u1ed9 Th\u00f4ng tin C\u00e1 nh\u00e2n c\u1ee7a b\u1ea1n cho c\u00e1c m\u1ee5c \u0111\u00edch ti\u1ebfp th\u1ecb.<\/p>\n<\/div>\n<\/li>\n<li class=\"pages__item\">\n<div class=\"pages__subtitle\">\n<p class=\"title-section-sub\">CH\u00daNG T\u00d4I CHIA S\u1eba TH\u00d4NG TIN C\u00c1 NH N C\u1ee6A B\u1ea0N CHO AI<\/p>\n<\/div>\n<div class=\"pages__text\">\n<div class=\"pages__text__paragraph\">\n<p class=\"text-section-medium\">Ch\u00fang t\u00f4i chia s\u1ebb Th\u00f4ng tin C\u00e1 nh\u00e2n c\u1ee7a b\u1ea1n v\u1edbi c\u00e1c b\u00ean th\u1ee9 ba c\u00f3 h\u1ee3p \u0111\u1ed3ng cung c\u1ea5p cho ch\u00fang t\u00f4i c\u00e1c d\u1ecbch v\u1ee5 ti\u1ebfp th\u1ecb v\u00e0 b\u00e1o c\u00e1o d\u1eef li\u1ec7u, nh\u1eefng ng\u01b0\u1eddi b\u1ecb r\u00e0ng bu\u1ed9c b\u1edfi ngh\u0129a v\u1ee5 b\u1ea3o m\u1eadt v\u00e0 v\u1edbi c\u00e1c \u0111\u1ed1i t\u00e1c ti\u1ebfp th\u1ecb b\u00ean th\u1ee9 ba kh\u00e1c.<\/p>\n<\/div>\n<div class=\"pages__text__paragraph\">\n<p class=\"text-section-medium\">Ch\u00fang t\u00f4i hi\u1ec7n \u0111ang k\u00fd h\u1ee3p \u0111\u1ed3ng v\u1edbi m\u1ed9t s\u1ed1 \u0111\u1ed1i t\u00e1c tr\u1ef1c tuy\u1ebfn b\u00ean th\u1ee9 ba \u0111\u1ec3 gi\u00fap qu\u1ea3n l\u00fd v\u00e0 t\u1ed1i \u01b0u h\u00f3a ho\u1ea1t \u0111\u1ed9ng kinh doanh v\u00e0 truy\u1ec1n th\u00f4ng tr\u00ean Internet c\u1ee7a ch\u00fang t\u00f4i. Ch\u00fang t\u00f4i s\u1eed d\u1ee5ng d\u1ecbch v\u1ee5 c\u1ee7a c\u00e1c c\u00f4ng ty ti\u1ebfp th\u1ecb b\u00ean th\u1ee9 ba \u0111\u1ec3 gi\u00fap ch\u00fang t\u00f4i \u0111o l\u01b0\u1eddng hi\u1ec7u qu\u1ea3 c\u1ee7a qu\u1ea3ng c\u00e1o v\u00e0 c\u00e1ch kh\u00e1ch truy c\u1eadp s\u1eed d\u1ee5ng trang web c\u1ee7a ch\u00fang t\u00f4i. \u0110\u1ec3 th\u1ef1c hi\u1ec7n vi\u1ec7c n\u00e0y, ch\u00fang t\u00f4i s\u1eed d\u1ee5ng c\u00e1c b\u00e1o hi\u1ec7u web v\u00e0 cookie do c\u00e1c c\u00f4ng ty ti\u1ebfp th\u1ecb \u0111\u00f3 cung c\u1ea5p li\u00ean quan \u0111\u1ebfn c\u00e1c trang web c\u1ee7a ch\u00fang t\u00f4i. Th\u00f4ng tin ch\u00fang t\u00f4i thu th\u1eadp gi\u00fap ch\u00fang t\u00f4i t\u00ecm hi\u1ec3u nh\u1eefng th\u1ee9 nh\u01b0 trang n\u00e0o thu h\u00fat kh\u00e1ch truy c\u1eadp nh\u1ea5t, s\u1ea3n ph\u1ea9m n\u00e0o c\u1ee7a ch\u00fang t\u00f4i khi\u1ebfn kh\u00e1ch h\u00e0ng quan t\u00e2m nh\u1ea5t v\u00e0 nh\u1eefng lo\u1ea1i \u01b0u \u0111\u00e3i m\u00e0 kh\u00e1ch h\u00e0ng mu\u1ed1n xem.<\/p>\n<\/div>\n<div class=\"pages__text__paragraph\">\n<p class=\"text-section-medium\">Ch\u00fang t\u00f4i c\u0169ng c\u00f3 th\u1ec3 s\u1eed d\u1ee5ng ho\u1eb7c ti\u1ebft l\u1ed9 Th\u00f4ng tin C\u00e1 nh\u00e2n m\u00e0 ch\u00fang t\u00f4i tin l\u00e0 c\u1ea7n thi\u1ebft ho\u1eb7c th\u00edch h\u1ee3p: (a) theo lu\u1eadt hi\u1ec7n h\u00e0nh, bao g\u1ed3m lu\u1eadt b\u00ean ngo\u00e0i qu\u1ed1c gia c\u01b0 tr\u00fa c\u1ee7a b\u1ea1n; (b) tu\u00e2n th\u1ee7 quy tr\u00ecnh ph\u00e1p l\u00fd; (c) \u0111\u1ec3 tr\u1ea3 l\u1eddi c\u00e1c y\u00eau c\u1ea7u t\u1eeb c\u00e1c c\u01a1 quan c\u00f4ng quy\u1ec1n ho\u1eb7c ch\u00ednh ph\u1ee7, bao g\u1ed3m c\u00e1c c\u01a1 quan c\u00f4ng quy\u1ec1n ho\u1eb7c ch\u00ednh ph\u1ee7 b\u00ean ngo\u00e0i qu\u1ed1c gia c\u01b0 tr\u00fa c\u1ee7a b\u1ea1n; (d) \u0111\u1ec3 th\u1ef1c thi c\u00e1c \u0111i\u1ec1u kho\u1ea3n v\u00e0 \u0111i\u1ec1u ki\u1ec7n c\u1ee7a ch\u00fang t\u00f4i; (e) \u0111\u1ec3 b\u1ea3o v\u1ec7 ho\u1ea1t \u0111\u1ed9ng c\u1ee7a ch\u00fang t\u00f4i ho\u1eb7c c\u1ee7a b\u1ea5t k\u1ef3 chi nh\u00e1nh n\u00e0o c\u1ee7a ch\u00fang t\u00f4i; (f) \u0111\u1ec3 b\u1ea3o v\u1ec7 c\u00e1c quy\u1ec1n, s\u1ef1 ri\u00eang t\u01b0, s\u1ef1 an to\u00e0n ho\u1eb7c t\u00e0i s\u1ea3n c\u1ee7a ch\u00fang t\u00f4i ho\u1eb7c c\u1ee7a c\u00e1c chi nh\u00e1nh c\u1ee7a ch\u00fang t\u00f4i, b\u1ea1n ho\u1eb7c nh\u1eefng ng\u01b0\u1eddi kh\u00e1c; ho\u1eb7c (g) \u0111\u1ec3 cho ph\u00e9p ch\u00fang t\u00f4i theo \u0111u\u1ed5i c\u00e1c bi\u1ec7n ph\u00e1p kh\u1eafc ph\u1ee5c c\u00f3 s\u1eb5n ho\u1eb7c h\u1ea1n ch\u1ebf c\u00e1c thi\u1ec7t h\u1ea1i m\u00e0 ch\u00fang t\u00f4i c\u00f3 th\u1ec3 ph\u1ea3i g\u00e1nh ch\u1ecbu.<\/p>\n<\/div>\n<\/div>\n<\/li>\n<li class=\"pages__item\">\n<div class=\"pages__subtitle\">\n<p class=\"title-section-sub\">C\u00c1C BI\u1ec6N PH\u00c1P B\u1ea2O M\u1eacT V\u00c0 L\u01afU TR\u1eee<\/p>\n<\/div>\n<div class=\"pages__text\">\n<p class=\"text-section-medium\">Ch\u00fang t\u00f4i \u0111\u00e3 thi\u1ebft l\u1eadp c\u00e1c bi\u1ec7n ph\u00e1p b\u1ea3o m\u1eadt v\u1eadt l\u00fd, k\u1ef9 thu\u1eadt v\u00e0 t\u1ed5 ch\u1ee9c th\u00edch h\u1ee3p \u0111\u1ec3 b\u1ea3o v\u1ec7 Th\u00f4ng tin C\u00e1 nh\u00e2n \u0111\u01b0\u1ee3c cung c\u1ea5p cho ch\u00fang t\u00f4i. Ch\u00fang t\u00f4i s\u1eed d\u1ee5ng m\u1ed9t s\u1ed1 k\u1ef9 thu\u1eadt b\u1ea3o m\u1eadt bao g\u1ed3m m\u00e1y ch\u1ee7 an to\u00e0n, t\u01b0\u1eddng l\u1eeda v\u00e0 m\u00e3 h\u00f3a \u0111\u1ec3 b\u1ea3o v\u1ec7 vi\u1ec7c l\u01b0u tr\u1eef d\u1eef li\u1ec7u. Th\u00f4ng tin C\u00e1 nh\u00e2n \u0111\u01b0\u1ee3c m\u00e3 h\u00f3a khi truy\u1ec1n qua internet v\u00ec ch\u00fang t\u00f4i s\u1eed d\u1ee5ng giao th\u1ee9c L\u1edbp c\u1ed5ng b\u1ea3o m\u1eadt (SSL). C\u00e1c bi\u1ec7n ph\u00e1p b\u1ea3o v\u1ec7 n\u00e0y th\u01b0\u1eddng xuy\u00ean \u0111\u01b0\u1ee3c xem x\u00e9t \u0111\u1ec3 b\u1ea3o v\u1ec7 ch\u1ed1ng l\u1ea1i vi\u1ec7c truy c\u1eadp tr\u00e1i ph\u00e9p, ti\u1ebft l\u1ed9 v\u00e0 s\u1eed d\u1ee5ng kh\u00f4ng \u0111\u00fang th\u00f4ng tin c\u1ee7a b\u1ea1n c\u0169ng nh\u01b0 \u0111\u1ec3 duy tr\u00ec t\u00ednh ch\u00ednh x\u00e1c v\u00e0 t\u00ednh to\u00e0n v\u1eb9n c\u1ee7a d\u1eef li\u1ec7u. Ch\u00fang t\u00f4i s\u1ebd \u0111i\u1ec1u ch\u1ec9nh v\u00e0 th\u1ef1c hi\u1ec7n c\u00e1c thay \u0111\u1ed5i c\u1ea7n thi\u1ebft \u0111\u1ed1i v\u1edbi c\u00e1c bi\u1ec7n ph\u00e1p b\u1ea3o m\u1eadt \u0111\u1ec3 \u0111\u1ea3m b\u1ea3o t\u00ednh b\u1ea3o m\u1eadt li\u00ean t\u1ee5c c\u1ee7a Th\u00f4ng tin c\u00e1 nh\u00e2n c\u1ee7a b\u1ea1n.<\/p>\n<\/div>\n<\/li>\n<li class=\"pages__item\">\n<div class=\"pages__subtitle\">\n<p class=\"title-section-sub\">KHAI B\u00c1O COOKIE<\/p>\n<\/div>\n<div class=\"pages__text\">\n<div class=\"pages__text__paragraph\">\n<p class=\"text-section-medium\">Trang web n\u00e0y s\u1eed d\u1ee5ng cookie \u0111\u1ec3 \u0111\u1ea3m b\u1ea3o b\u1ea1n c\u00f3 \u0111\u01b0\u1ee3c tr\u1ea3i nghi\u1ec7m t\u1ed1t nh\u1ea5t tr\u00ean trang web c\u1ee7a ch\u00fang t\u00f4i. Ch\u00fang t\u00f4i s\u1eed d\u1ee5ng cookie \u0111\u1ec3 c\u00e1 nh\u00e2n h\u00f3a n\u1ed9i dung v\u00e0 qu\u1ea3ng c\u00e1o, cung c\u1ea5p c\u00e1c t\u00ednh n\u0103ng truy\u1ec1n th\u00f4ng x\u00e3 h\u1ed9i v\u00e0 ph\u00e2n t\u00edch l\u01b0u l\u01b0\u1ee3ng truy c\u1eadp c\u1ee7a ch\u00fang t\u00f4i. Ch\u00fang t\u00f4i c\u0169ng chia s\u1ebb th\u00f4ng tin v\u1ec1 vi\u1ec7c b\u1ea1n s\u1eed d\u1ee5ng trang web c\u1ee7a ch\u00fang t\u00f4i v\u1edbi c\u00e1c \u0111\u1ed1i t\u00e1c truy\u1ec1n th\u00f4ng x\u00e3 h\u1ed9i, qu\u1ea3ng c\u00e1o v\u00e0 ph\u00e2n t\u00edch c\u1ee7a ch\u00fang t\u00f4i, nh\u1eefng ng\u01b0\u1eddi c\u00f3 th\u1ec3 k\u1ebft h\u1ee3p n\u00f3 v\u1edbi th\u00f4ng tin kh\u00e1c m\u00e0 b\u1ea1n \u0111\u00e3 cung c\u1ea5p cho h\u1ecd ho\u1eb7c h\u1ecd \u0111\u00e3 thu th\u1eadp \u0111\u01b0\u1ee3c t\u1eeb vi\u1ec7c b\u1ea1n s\u1eed d\u1ee5ng d\u1ecbch v\u1ee5 c\u1ee7a h\u1ecd. B\u1ea1n \u0111\u1ed3ng \u00fd v\u1edbi cookie c\u1ee7a ch\u00fang t\u00f4i n\u1ebfu b\u1ea1n ti\u1ebfp t\u1ee5c s\u1eed d\u1ee5ng trang web c\u1ee7a ch\u00fang t\u00f4i.<\/p>\n<\/div>\n<div class=\"pages__text__paragraph\">\n<p class=\"text-section-medium\">Cookie l\u00e0 c\u00e1c t\u1ec7p v\u0103n b\u1ea3n nh\u1ecf c\u00f3 th\u1ec3 \u0111\u01b0\u1ee3c s\u1eed d\u1ee5ng b\u1edfi c\u00e1c trang web \u0111\u1ec3 l\u00e0m cho tr\u1ea3i nghi\u1ec7m c\u1ee7a ng\u01b0\u1eddi d\u00f9ng hi\u1ec7u qu\u1ea3 h\u01a1n.<\/p>\n<\/div>\n<div class=\"pages__text__paragraph\">\n<p class=\"text-section-medium\">Lu\u1eadt quy \u0111\u1ecbnh r\u1eb1ng ch\u00fang t\u00f4i c\u00f3 th\u1ec3 l\u01b0u tr\u1eef cookie tr\u00ean thi\u1ebft b\u1ecb c\u1ee7a b\u1ea1n n\u1ebfu ch\u00fang th\u1ef1c s\u1ef1 c\u1ea7n thi\u1ebft cho ho\u1ea1t \u0111\u1ed9ng c\u1ee7a trang web n\u00e0y. \u0110\u1ed1i v\u1edbi t\u1ea5t c\u1ea3 c\u00e1c lo\u1ea1i cookie kh\u00e1c, ch\u00fang t\u00f4i c\u1ea7n s\u1ef1 cho ph\u00e9p c\u1ee7a b\u1ea1n.<\/p>\n<\/div>\n<div class=\"pages__text__paragraph\">\n<p class=\"text-section-medium\">Trang web n\u00e0y s\u1eed d\u1ee5ng c\u00e1c lo\u1ea1i cookie kh\u00e1c nhau. M\u1ed9t s\u1ed1 cookie \u0111\u01b0\u1ee3c \u0111\u1eb7t b\u1edfi c\u00e1c d\u1ecbch v\u1ee5 c\u1ee7a b\u00ean th\u1ee9 ba xu\u1ea5t hi\u1ec7n tr\u00ean c\u00e1c trang c\u1ee7a ch\u00fang t\u00f4i.<\/p>\n<\/div>\n<div class=\"pages__text__paragraph\">\n<p class=\"text-section-medium\">B\u1ea1n c\u00f3 th\u1ec3 thay \u0111\u1ed5i ho\u1eb7c r\u00fat l\u1ea1i s\u1ef1 \u0111\u1ed3ng \u00fd c\u1ee7a m\u00ecnh kh\u1ecfi Khai b\u00e1o Cookie tr\u00ean trang web c\u1ee7a ch\u00fang t\u00f4i b\u1ea5t c\u1ee9 l\u00fac n\u00e0o.<\/p>\n<\/div>\n<\/div>\n<\/li>\n<li class=\"pages__item\">\n<div class=\"pages__subtitle\">\n<p class=\"title-section-sub\">Gi\u1edbi thi\u1ec7u v\u1ec1 Ch\u00ednh s\u00e1ch b\u1ea3o m\u1eadt c\u1ee7a ch\u00fang t\u00f4i<\/p>\n<\/div>\n<div class=\"pages__text\">\n<p class=\"text-section-medium\">N\u1ebfu Ch\u00fang t\u00f4i thay \u0111\u1ed5i c\u00e1ch Ch\u00fang t\u00f4i x\u1eed l\u00fd D\u1eef li\u1ec7u C\u00e1 nh\u00e2n c\u1ee7a b\u1ea1n, Ch\u00fang t\u00f4i s\u1ebd c\u1eadp nh\u1eadt Th\u00f4ng b\u00e1o n\u00e0y. Ch\u00fang t\u00f4i c\u00f3 quy\u1ec1n th\u1ef1c hi\u1ec7n c\u00e1c thay \u0111\u1ed5i \u0111\u1ed1i v\u1edbi h\u00e0nh \u0111\u1ed9ng c\u1ee7a m\u00ecnh v\u00e0 Th\u00f4ng b\u00e1o n\u00e0y b\u1ea5t k\u1ef3 l\u00fac n\u00e0o, vui l\u00f2ng ki\u1ec3m tra l\u1ea1i th\u01b0\u1eddng xuy\u00ean \u0111\u1ec3 xem b\u1ea5t k\u1ef3 c\u1eadp nh\u1eadt ho\u1eb7c thay \u0111\u1ed5i n\u00e0o \u0111\u1ed1i v\u1edbi Th\u00f4ng b\u00e1o c\u1ee7a ch\u00fang t\u00f4i.<\/p>\n<div class=\"pages__text__updated\">\n<p class=\"text-section-bold\">C\u1eadp nh\u1eadt v\u00e0o 2022\/04 \/ __<\/p>\n<\/div>\n<\/div>\n<\/li>\n<\/ul>\n<\/div>\n<\/div>\n","protected":false},"excerpt":{"rendered":"<p>Ch\u00ednh s\u00e1ch b\u1ea3o m\u1eadt Steadyy Inc. v\u00e0 Japan Dream Jobs. (C\u00f2n \u0111\u01b0\u1ee3c g\u1ecdi chung l\u00e0 \u201cC\u00f4ng ty\u201d, \u201cCh\u00fang t\u00f4i\u201d, \u201cc\u1ee7a ch\u00fang t\u00f4i\u201d v\u00e0 \u201cch\u00fang t\u00f4i\u201d) \u0111\u00e3 thi\u1ebft l\u1eadp Ch\u00ednh s\u00e1ch B\u1ea3o m\u1eadt D\u1eef li\u1ec7u n\u00e0y \u0111\u1ec3 cho th\u1ea5y r\u1eb1ng ch\u00fang t\u00f4i c\u00f4ng nh\u1eadn v\u00e0 coi tr\u1ecdng c\u00e1c quy\u1ec1n ri\u00eang t\u01b0 c\u1ee7a b\u1ea1n. C\u00c1CH CH\u00daNG T\u00d4I [&hellip;]<\/p>\n","protected":false},"author":1,"featured_media":0,"parent":0,"menu_order":0,"comment_status":"closed","ping_status":"closed","template":"","meta":[],"_links":{"self":[{"href":"https:\/\/japan-dream-jobs.test-steadyy.com\/vn\/wp-json\/wp\/v2\/pages\/13"}],"collection":[{"href":"https:\/\/japan-dream-jobs.test-steadyy.com\/vn\/wp-json\/wp\/v2\/pages"}],"about":[{"href":"https:\/\/japan-dream-jobs.test-steadyy.com\/vn\/wp-json\/wp\/v2\/types\/page"}],"author":[{"embeddable":true,"href":"https:\/\/japan-dream-jobs.test-steadyy.com\/vn\/wp-json\/wp\/v2\/users\/1"}],"replies":[{"embeddable":true,"href":"https:\/\/japan-dream-jobs.test-steadyy.com\/vn\/wp-json\/wp\/v2\/comments?post=13"}],"version-history":[{"count":7,"href":"https:\/\/japan-dream-jobs.test-steadyy.com\/vn\/wp-json\/wp\/v2\/pages\/13\/revisions"}],"predecessor-version":[{"id":20,"href":"https:\/\/japan-dream-jobs.test-steadyy.com\/vn\/wp-json\/wp\/v2\/pages\/13\/revisions\/20"}],"wp:attachment":[{"href":"https:\/\/japan-dream-jobs.test-steadyy.com\/vn\/wp-json\/wp\/v2\/media?parent=13"}],"curies":[{"name":"wp","href":"https:\/\/api.w.org\/{rel}","templated":true}]}}